{"id":3147,"date":"2024-09-17T22:27:28","date_gmt":"2024-09-17T20:27:28","guid":{"rendered":"https:\/\/food-planet.es\/oviedo\/?post_type=product&#038;p=3147"},"modified":"2026-04-01T22:13:52","modified_gmt":"2026-04-01T20:13:52","slug":"patata-asada-atun","status":"publish","type":"product","link":"https:\/\/food-planet.es\/oviedo\/producto\/patata-asada-atun\/","title":{"rendered":"PATATA ASADA AT\u00daN"},"content":{"rendered":"<p style=\"font-weight: 400\">Zanahoria, champi\u00f1ones, aceitunas, ma\u00edz, at\u00fan, y salsas<\/p>\n","protected":false},"excerpt":{"rendered":"<p style=\"font-weight: 400\">Zanahoria, champi\u00f1ones, aceitunas, ma\u00edz, at\u00fan, y salsas<\/p>\n","protected":false},"featured_media":0,"template":"","meta":{"_et_pb_use_builder":"","_et_pb_old_content":"","_et_gb_content_width":""},"product_cat":[322],"product_tag":[],"_links":{"self":[{"href":"https:\/\/food-planet.es\/oviedo\/wp-json\/wp\/v2\/product\/3147"}],"collection":[{"href":"https:\/\/food-planet.es\/oviedo\/wp-json\/wp\/v2\/product"}],"about":[{"href":"https:\/\/food-planet.es\/oviedo\/wp-json\/wp\/v2\/types\/product"}],"wp:attachment":[{"href":"https:\/\/food-planet.es\/oviedo\/wp-json\/wp\/v2\/media?parent=3147"}],"wp:term":[{"taxonomy":"product_cat","embeddable":true,"href":"https:\/\/food-planet.es\/oviedo\/wp-json\/wp\/v2\/product_cat?post=3147"},{"taxonomy":"product_tag","embeddable":true,"href":"https:\/\/food-planet.es\/oviedo\/wp-json\/wp\/v2\/product_tag?post=3147"}],"curies":[{"name":"wp","href":"https:\/\/api.w.org\/{rel}","templated":true}]}}