{"id":3149,"date":"2024-09-17T22:35:08","date_gmt":"2024-09-17T20:35:08","guid":{"rendered":"https:\/\/food-planet.es\/oviedo\/?post_type=product&#038;p=3149"},"modified":"2026-04-01T22:13:15","modified_gmt":"2026-04-01T20:13:15","slug":"patata-asada-carne","status":"publish","type":"product","link":"https:\/\/food-planet.es\/oviedo\/producto\/patata-asada-carne\/","title":{"rendered":"PATATA ASADA DE CARNE"},"content":{"rendered":"<p style=\"font-weight: 400\">Zanahoria, champi\u00f1ones, aceitunas, ma\u00edz, ternera, pollo mixto, jam\u00f3n salsas<\/p>\n","protected":false},"excerpt":{"rendered":"<p style=\"font-weight: 400\">Zanahoria, champi\u00f1ones, aceitunas, ma\u00edz, ternera, pollo mixto, jam\u00f3n salsas<\/p>\n","protected":false},"featured_media":0,"template":"","meta":{"_et_pb_use_builder":"","_et_pb_old_content":"","_et_gb_content_width":""},"product_cat":[322],"product_tag":[],"_links":{"self":[{"href":"https:\/\/food-planet.es\/oviedo\/wp-json\/wp\/v2\/product\/3149"}],"collection":[{"href":"https:\/\/food-planet.es\/oviedo\/wp-json\/wp\/v2\/product"}],"about":[{"href":"https:\/\/food-planet.es\/oviedo\/wp-json\/wp\/v2\/types\/product"}],"wp:attachment":[{"href":"https:\/\/food-planet.es\/oviedo\/wp-json\/wp\/v2\/media?parent=3149"}],"wp:term":[{"taxonomy":"product_cat","embeddable":true,"href":"https:\/\/food-planet.es\/oviedo\/wp-json\/wp\/v2\/product_cat?post=3149"},{"taxonomy":"product_tag","embeddable":true,"href":"https:\/\/food-planet.es\/oviedo\/wp-json\/wp\/v2\/product_tag?post=3149"}],"curies":[{"name":"wp","href":"https:\/\/api.w.org\/{rel}","templated":true}]}}