{"id":556,"date":"2022-08-29T10:37:16","date_gmt":"2022-08-29T08:37:16","guid":{"rendered":"http:\/\/food-planet.es\/oviedo\/?post_type=product&#038;p=556"},"modified":"2026-04-01T21:07:27","modified_gmt":"2026-04-01T19:07:27","slug":"pizza-napolitana","status":"publish","type":"product","link":"https:\/\/food-planet.es\/oviedo\/producto\/pizza-napolitana\/","title":{"rendered":"PIZZA NAPOLITANA"},"content":{"rendered":"<p>Salsa de tomate, mozzarella, jam\u00f3n, tomate y champi\u00f1\u00f3n.<\/p>\n","protected":false},"excerpt":{"rendered":"<p>Salsa de tomate, mozzarella, jam\u00f3n, tomate y champi\u00f1\u00f3n.<\/p>\n","protected":false},"featured_media":0,"template":"","meta":{"_et_pb_use_builder":"","_et_pb_old_content":"","_et_gb_content_width":""},"product_cat":[87,99],"product_tag":[],"_links":{"self":[{"href":"https:\/\/food-planet.es\/oviedo\/wp-json\/wp\/v2\/product\/556"}],"collection":[{"href":"https:\/\/food-planet.es\/oviedo\/wp-json\/wp\/v2\/product"}],"about":[{"href":"https:\/\/food-planet.es\/oviedo\/wp-json\/wp\/v2\/types\/product"}],"wp:attachment":[{"href":"https:\/\/food-planet.es\/oviedo\/wp-json\/wp\/v2\/media?parent=556"}],"wp:term":[{"taxonomy":"product_cat","embeddable":true,"href":"https:\/\/food-planet.es\/oviedo\/wp-json\/wp\/v2\/product_cat?post=556"},{"taxonomy":"product_tag","embeddable":true,"href":"https:\/\/food-planet.es\/oviedo\/wp-json\/wp\/v2\/product_tag?post=556"}],"curies":[{"name":"wp","href":"https:\/\/api.w.org\/{rel}","templated":true}]}}